{"id":1313,"date":"2026-04-09T08:40:34","date_gmt":"2026-04-09T07:40:34","guid":{"rendered":"https:\/\/grabbarnagryt.se\/?page_id=1313"},"modified":"2026-04-09T08:46:41","modified_gmt":"2026-04-09T07:46:41","slug":"catering","status":"publish","type":"page","link":"https:\/\/grabbarnagryt.se\/en\/catering\/","title":{"rendered":"Catering"},"content":{"rendered":"<div class=\"wp-block-group alignfull has-base-background-color has-background is-vertical is-content-justification-center is-layout-flex wp-container-core-group-is-layout-1 wp-block-group-is-layout-flex\" style=\"padding-top:var(--wp--preset--spacing--80);padding-bottom:0\">\n<h1 class=\"wp-block-heading has-text-align-center has-accent-1-color has-text-color has-link-color has-xx-large-font-size wp-elements-2c4dbbc50b529095253eb7b56b2dda91\">grabbarna gryt catering<\/h1>\n\n\n\n<p class=\"has-text-align-center has-contrast-color has-text-color has-link-color wp-elements-873722cb13094b8713d40fb81bef225a\" style=\"margin-top:var(--wp--preset--spacing--20);margin-bottom:var(--wp--preset--spacing--20)\">Vi erbjuder m\u00e5nga alternativ f\u00f6r dig som \u00f6nskar att boka catering. \u00c4r du intresserad?<\/p>\n\n\n\n<p class=\"has-text-align-center has-contrast-color has-text-color has-link-color wp-elements-740d06290bdced6954c262db8ead52b3\" style=\"margin-bottom:var(--wp--preset--spacing--30)\">Kontakta oss via telefon 0737 74 29 70 eller e-post info@grabbarnagryt.se<\/p>\n\n\n\n<p><\/p>\n<\/div>\n\n\n\n<div class=\"wp-block-group alignfull has-base-background-color has-background has-global-padding is-layout-constrained wp-container-core-group-is-layout-2 wp-block-group-is-layout-constrained\" style=\"margin-top:0;margin-bottom:0;padding-top:var(--wp--preset--spacing--20);padding-bottom:var(--wp--preset--spacing--80)\">\n<h2 class=\"wp-block-heading has-contrast-color has-text-color has-link-color wp-elements-cd1afd37185f342ce3411b9aa8e6be1e\" style=\"border-radius:0px\">Grytbuff\u00e9 (upp till 200 personer)<\/h2>\n\n\n\n<figure class=\"wp-block-image size-full\" style=\"margin-top:var(--wp--preset--spacing--30);margin-bottom:var(--wp--preset--spacing--30)\"><img loading=\"lazy\" decoding=\"async\" width=\"918\" height=\"630\" src=\"https:\/\/grabbarnagryt.se\/wp-content\/uploads\/2026\/04\/grytor.webp\" alt=\"\" class=\"wp-image-1324\" srcset=\"https:\/\/grabbarnagryt.se\/wp-content\/uploads\/2026\/04\/grytor.webp 918w, https:\/\/grabbarnagryt.se\/wp-content\/uploads\/2026\/04\/grytor-300x206.webp 300w, https:\/\/grabbarnagryt.se\/wp-content\/uploads\/2026\/04\/grytor-768x527.webp 768w, https:\/\/grabbarnagryt.se\/wp-content\/uploads\/2026\/04\/grytor-18x12.webp 18w\" sizes=\"auto, (max-width: 918px) 100vw, 918px\" \/><\/figure>\n\n\n\n<p class=\"has-contrast-color has-text-color has-link-color wp-elements-481deb5739657f51474bde26ff854b39\" style=\"margin-top:var(--wp--preset--spacing--20);margin-bottom:var(--wp--preset--spacing--20)\">Detta paket best\u00e5r av en k\u00f6ttgryta och en veggryta. Till dessa ing\u00e5r Ris, Yoghurtr\u00f6ra, Pickles och br\u00f6d.<br>Grytbuff\u00e9n levereras i olika gryt k\u00e4rl f\u00f6r gryta och ris. Detta paket levereras till platsen d\u00e4r ni ska<br>\u00e4ta. V\u00e5r tanke \u00e4r att ni placerar grytor och tillbeh\u00f6r p\u00e5 en service yta med slevar och tillbeh\u00f6r s\u00e5<br>att ni sj\u00e4lva ska kunna servera upp er egen portion.<\/p>\n\n\n\n<h2 class=\"wp-block-heading has-contrast-color has-text-color has-link-color wp-elements-fc964bd07e6f6e646d3bb6bc63ac9840\" style=\"margin-top:var(--wp--preset--spacing--40)\">Matl\u00e5dor (Kalla portioner)<\/h2>\n\n\n\n<figure class=\"wp-block-image size-full\" style=\"margin-top:var(--wp--preset--spacing--30);margin-bottom:var(--wp--preset--spacing--30)\"><img loading=\"lazy\" decoding=\"async\" width=\"933\" height=\"630\" src=\"https:\/\/grabbarnagryt.se\/wp-content\/uploads\/2026\/04\/takeaway.webp\" alt=\"\" class=\"wp-image-1325\" srcset=\"https:\/\/grabbarnagryt.se\/wp-content\/uploads\/2026\/04\/takeaway.webp 933w, https:\/\/grabbarnagryt.se\/wp-content\/uploads\/2026\/04\/takeaway-300x203.webp 300w, https:\/\/grabbarnagryt.se\/wp-content\/uploads\/2026\/04\/takeaway-768x519.webp 768w, https:\/\/grabbarnagryt.se\/wp-content\/uploads\/2026\/04\/takeaway-18x12.webp 18w\" sizes=\"auto, (max-width: 933px) 100vw, 933px\" \/><\/figure>\n\n\n\n<p class=\"has-contrast-color has-text-color has-link-color wp-elements-b4640896ae8dc055c7767f5491505167\" style=\"margin-top:var(--wp--preset--spacing--20);margin-bottom:var(--wp--preset--spacing--20)\">Detta paket l\u00e4mpar sig mycket v\u00e4l f\u00f6r dig som har behovet att ta med dig bra mat<br>till en plats f\u00f6r att konsumeras vid ett senare tillf\u00e4lle. En portion kan enkelt v\u00e4rmas<br>upp i microv\u00e5gsugn. <\/p>\n\n\n\n<p><\/p>\n\n\n\n<p class=\"has-contrast-color has-text-color has-link-color wp-elements-9334cdd947222c97bd75df9ca8b2c2f1\">I varje portion ing\u00e5r:<\/p>\n\n\n\n<ul class=\"wp-block-list has-contrast-color has-text-color has-link-color wp-elements-8441377405c78f4dbcfaa7d96ffdb0d0\">\n<li>En kyld gryta<\/li>\n\n\n\n<li>En kyld ris<\/li>\n\n\n\n<li>En liten pickles mix<\/li>\n\n\n\n<li>En liten yoghurtr\u00f6ra<\/li>\n<\/ul>\n\n\n\n<p><\/p>\n\n\n\n<h2 class=\"wp-block-heading has-contrast-color has-text-color has-link-color wp-elements-f54848944510aff7b92ca29cd22a761e\" style=\"margin-top:var(--wp--preset--spacing--40)\">Frukostpaket<\/h2>\n\n\n\n<figure class=\"wp-block-image size-full\" style=\"margin-top:var(--wp--preset--spacing--30);margin-bottom:var(--wp--preset--spacing--30)\"><img loading=\"lazy\" decoding=\"async\" width=\"765\" height=\"525\" src=\"https:\/\/grabbarnagryt.se\/wp-content\/uploads\/2026\/04\/pexels-wijs-wise-136435282-16192280.webp\" alt=\"\" class=\"wp-image-1326\" srcset=\"https:\/\/grabbarnagryt.se\/wp-content\/uploads\/2026\/04\/pexels-wijs-wise-136435282-16192280.webp 765w, https:\/\/grabbarnagryt.se\/wp-content\/uploads\/2026\/04\/pexels-wijs-wise-136435282-16192280-300x206.webp 300w, https:\/\/grabbarnagryt.se\/wp-content\/uploads\/2026\/04\/pexels-wijs-wise-136435282-16192280-18x12.webp 18w\" sizes=\"auto, (max-width: 765px) 100vw, 765px\" \/><\/figure>\n\n\n\n<p class=\"has-contrast-color has-text-color has-link-color wp-elements-7a0e92b7c03a859903ae3d097cbb5e3b\" style=\"margin-top:var(--wp--preset--spacing--20);margin-bottom:var(--wp--preset--spacing--20)\">Vill du boka oss f\u00f6r ett frukostevent? V\u00e5rt koncept \u00e4r mellanl\u00f6stern<br>med goda ostar, yoghurt, f\u00e4rskt br\u00f6d, frukt med fokus p\u00e5 n\u00e4ringsrikt och fr\u00e4scht.<\/p>\n\n\n\n<p class=\"has-contrast-color has-text-color has-link-color wp-elements-d21f271c3756ee2ca7a4c8b9fc9e8b9e\" style=\"margin-top:var(--wp--preset--spacing--20);margin-bottom:var(--wp--preset--spacing--20)\">Vi g\u00f6r \u00e4ven v\u00e4rldens godaste mackor, overnight oats, och annat f\u00f6r dig som<br>beh\u00f6ver ta med dig frukost catering.<\/p>\n\n\n\n<h3 class=\"wp-block-heading has-contrast-color has-text-color has-link-color wp-elements-608aa2b339070bc6aec21e4aba8d628c\" style=\"margin-top:var(--wp--preset--spacing--40);margin-bottom:var(--wp--preset--spacing--40)\"><strong>Sugen p\u00e5 n\u00e5got lite lyxigare?<br>H\u00f6r med oss om \u201cTrer\u00e4tters\u201d middagspaket.<\/strong><\/h3>\n\n\n\n<h3 class=\"wp-block-heading has-contrast-color has-text-color has-link-color wp-elements-3f9c4fd659af418ae04c4578d10d45ef\"><strong>Visste du att du kan boka hela st\u00e4llet<br>f\u00f6r en lunch, middag eller event?<\/strong><\/h3>\n\n\n\n<p class=\"has-accent-1-color has-text-color has-link-color wp-elements-367f5916fde90a2c495a78e636002e6a\" style=\"margin-top:var(--wp--preset--spacing--30);margin-bottom:var(--wp--preset--spacing--30)\">Telefon: 0737 74 29 70<br>Email: info@grabbarnagryt.se<\/p>\n<\/div>\n\n\n\n<p><\/p>","protected":false},"excerpt":{"rendered":"<p>grabbarna gryt catering Vi erbjuder m\u00e5nga alternativ f\u00f6r dig som \u00f6nskar att boka catering. \u00c4r du intresserad? Kontakta oss via telefon 0737 74 29 70 eller e-post info@grabbarnagryt.se Grytbuff\u00e9 (upp till 200 personer) Detta paket best\u00e5r av en k\u00f6ttgryta och en veggryta. Till dessa ing\u00e5r Ris, Yoghurtr\u00f6ra, Pickles och br\u00f6d.Grytbuff\u00e9n levereras i olika gryt k\u00e4rl [&hellip;]<\/p>","protected":false},"author":1,"featured_media":0,"parent":0,"menu_order":0,"comment_status":"closed","ping_status":"closed","template":"","meta":{"_siteseo_robots_primary_cat":"","footnotes":""},"class_list":["post-1313","page","type-page","status-publish","hentry"],"_links":{"self":[{"href":"https:\/\/grabbarnagryt.se\/en\/wp-json\/wp\/v2\/pages\/1313","targetHints":{"allow":["GET"]}}],"collection":[{"href":"https:\/\/grabbarnagryt.se\/en\/wp-json\/wp\/v2\/pages"}],"about":[{"href":"https:\/\/grabbarnagryt.se\/en\/wp-json\/wp\/v2\/types\/page"}],"author":[{"embeddable":true,"href":"https:\/\/grabbarnagryt.se\/en\/wp-json\/wp\/v2\/users\/1"}],"replies":[{"embeddable":true,"href":"https:\/\/grabbarnagryt.se\/en\/wp-json\/wp\/v2\/comments?post=1313"}],"version-history":[{"count":15,"href":"https:\/\/grabbarnagryt.se\/en\/wp-json\/wp\/v2\/pages\/1313\/revisions"}],"predecessor-version":[{"id":1332,"href":"https:\/\/grabbarnagryt.se\/en\/wp-json\/wp\/v2\/pages\/1313\/revisions\/1332"}],"wp:attachment":[{"href":"https:\/\/grabbarnagryt.se\/en\/wp-json\/wp\/v2\/media?parent=1313"}],"curies":[{"name":"wp","href":"https:\/\/api.w.org\/{rel}","templated":true}]}}